{"id":2126,"date":"2021-05-02T11:03:51","date_gmt":"2021-05-02T09:03:51","guid":{"rendered":"https:\/\/sophia-malina-wild.com\/?page_id=2126"},"modified":"2023-09-18T16:40:45","modified_gmt":"2023-09-18T14:40:45","slug":"impressum","status":"publish","type":"page","link":"https:\/\/retail-smw.com\/en\/impressum\/","title":{"rendered":"IMPRINT"},"content":{"rendered":"<div data-elementor-type=\"wp-page\" data-elementor-id=\"2126\" class=\"elementor elementor-2126\">\n\t\t\t\t\t\t<div class=\"elementor-inner\">\n\t\t\t\t<div class=\"elementor-section-wrap\">\n\t\t\t\t\t\t\t\t\t<section class=\"elementor-section elementor-top-section elementor-element elementor-element-67bf9691 elementor-section-boxed elementor-section-height-default elementor-section-height-default\" data-id=\"67bf9691\" data-element_type=\"section\">\n\t\t\t\t\t\t<div class=\"elementor-container elementor-column-gap-default\">\n\t\t\t\t\t\t\t<div class=\"elementor-row\">\n\t\t\t\t\t<div class=\"elementor-column elementor-col-100 elementor-top-column elementor-element elementor-element-39b8a957\" data-id=\"39b8a957\" data-element_type=\"column\">\n\t\t\t<div class=\"elementor-column-wrap elementor-element-populated\">\n\t\t\t\t\t\t\t<div class=\"elementor-widget-wrap\">\n\t\t\t\t\t\t<div class=\"elementor-element elementor-element-491e9fb7 elementor-widget elementor-widget-spacer\" data-id=\"491e9fb7\" data-element_type=\"widget\" data-widget_type=\"spacer.default\">\n\t\t\t\t<div class=\"elementor-widget-container\">\n\t\t\t\t\t<div class=\"elementor-spacer\">\n\t\t\t<div class=\"elementor-spacer-inner\"><\/div>\n\t\t<\/div>\n\t\t\t\t<\/div>\n\t\t\t\t<\/div>\n\t\t\t\t<div class=\"elementor-element elementor-element-71d4531a elementor-widget elementor-widget-heading\" data-id=\"71d4531a\" data-element_type=\"widget\" data-widget_type=\"heading.default\">\n\t\t\t\t<div class=\"elementor-widget-container\">\n\t\t\t<h3 class=\"elementor-heading-title elementor-size-medium\">This is us<\/h3>\t\t<\/div>\n\t\t\t\t<\/div>\n\t\t\t\t<div class=\"elementor-element elementor-element-780d3995 elementor-widget-divider--view-line elementor-widget elementor-widget-divider\" data-id=\"780d3995\" data-element_type=\"widget\" data-widget_type=\"divider.default\">\n\t\t\t\t<div class=\"elementor-widget-container\">\n\t\t\t\t\t<div class=\"elementor-divider\">\n\t\t\t<span class=\"elementor-divider-separator\">\n\t\t\t\t\t\t<\/span>\n\t\t<\/div>\n\t\t\t\t<\/div>\n\t\t\t\t<\/div>\n\t\t\t\t<div class=\"elementor-element elementor-element-4df9c445 elementor-hidden-mobile elementor-widget elementor-widget-heading\" data-id=\"4df9c445\" data-element_type=\"widget\" data-widget_type=\"heading.default\">\n\t\t\t\t<div class=\"elementor-widget-container\">\n\t\t\t<h1 class=\"elementor-heading-title elementor-size-xxl\">IMPRINT<\/h1>\t\t<\/div>\n\t\t\t\t<\/div>\n\t\t\t\t<div class=\"elementor-element elementor-element-71d0ac2 elementor-hidden-desktop elementor-hidden-tablet elementor-widget elementor-widget-heading\" data-id=\"71d0ac2\" data-element_type=\"widget\" data-widget_type=\"heading.default\">\n\t\t\t\t<div class=\"elementor-widget-container\">\n\t\t\t<h1 class=\"elementor-heading-title elementor-size-xxl\">IMPRINT<\/h1>\t\t<\/div>\n\t\t\t\t<\/div>\n\t\t\t\t<div class=\"elementor-element elementor-element-220fa3f4 elementor-widget elementor-widget-spacer\" data-id=\"220fa3f4\" data-element_type=\"widget\" data-widget_type=\"spacer.default\">\n\t\t\t\t<div class=\"elementor-widget-container\">\n\t\t\t\t\t<div class=\"elementor-spacer\">\n\t\t\t<div class=\"elementor-spacer-inner\"><\/div>\n\t\t<\/div>\n\t\t\t\t<\/div>\n\t\t\t\t<\/div>\n\t\t\t\t\t\t<\/div>\n\t\t\t\t\t<\/div>\n\t\t<\/div>\n\t\t\t\t\t\t\t\t<\/div>\n\t\t\t\t\t<\/div>\n\t\t<\/section>\n\t\t\t\t<section class=\"elementor-section elementor-top-section elementor-element elementor-element-3abdab3 elementor-section-content-middle elementor-section-boxed elementor-section-height-default elementor-section-height-default\" data-id=\"3abdab3\" data-element_type=\"section\">\n\t\t\t\t\t\t<div class=\"elementor-container elementor-column-gap-no\">\n\t\t\t\t\t\t\t<div class=\"elementor-row\">\n\t\t\t\t\t<div class=\"elementor-column elementor-col-100 elementor-top-column elementor-element elementor-element-2d75318\" data-id=\"2d75318\" data-element_type=\"column\">\n\t\t\t<div class=\"elementor-column-wrap elementor-element-populated\">\n\t\t\t\t\t\t\t<div class=\"elementor-widget-wrap\">\n\t\t\t\t\t\t<div class=\"elementor-element elementor-element-6a453a8f elementor-widget elementor-widget-heading\" data-id=\"6a453a8f\" data-element_type=\"widget\" data-widget_type=\"heading.default\">\n\t\t\t\t<div class=\"elementor-widget-container\">\n\t\t\t<h4 class=\"elementor-heading-title elementor-size-default\">Information according to \u00a7 5 TMG and \u00a7 55 RSTV:<\/h4>\t\t<\/div>\n\t\t\t\t<\/div>\n\t\t\t\t<div class=\"elementor-element elementor-element-8191162 elementor-widget elementor-widget-text-editor\" data-id=\"8191162\" data-element_type=\"widget\" data-widget_type=\"text-editor.default\">\n\t\t\t\t<div class=\"elementor-widget-container\">\n\t\t\t\t\t\t\t\t<div class=\"elementor-text-editor elementor-clearfix\">\n\t\t\t\t<p><strong>dress to measure UG (limited liability)\u00a0<\/strong><br \/>Gl\u00fcckstrasse 2<br \/>80333 M\u00fcnchen<br \/>T: +49 (0) 89 \u2013 95 87 31 78<br \/><a href=\"mailto:info@sophia-malina-wild.com\">info@sophia-malina-wild.com<\/a><br \/>VAT ID: DE350660379<\/p><p>Registered in the commercial register of Germany at the district court of Munich under HRB 273371.<\/p>\t\t\t\t\t<\/div>\n\t\t\t\t\t\t<\/div>\n\t\t\t\t<\/div>\n\t\t\t\t<div class=\"elementor-element elementor-element-615cde2 elementor-widget elementor-widget-heading\" data-id=\"615cde2\" data-element_type=\"widget\" data-widget_type=\"heading.default\">\n\t\t\t\t<div class=\"elementor-widget-container\">\n\t\t\t<h4 class=\"elementor-heading-title elementor-size-default\">Represented by:<\/h4>\t\t<\/div>\n\t\t\t\t<\/div>\n\t\t\t\t<div class=\"elementor-element elementor-element-67feff5 elementor-widget elementor-widget-text-editor\" data-id=\"67feff5\" data-element_type=\"widget\" data-widget_type=\"text-editor.default\">\n\t\t\t\t<div class=\"elementor-widget-container\">\n\t\t\t\t\t\t\t\t<div class=\"elementor-text-editor elementor-clearfix\">\n\t\t\t\t<p>Managing director: Sophia Malina Wild<\/p>\t\t\t\t\t<\/div>\n\t\t\t\t\t\t<\/div>\n\t\t\t\t<\/div>\n\t\t\t\t<div class=\"elementor-element elementor-element-8ce6d84 elementor-widget elementor-widget-heading\" data-id=\"8ce6d84\" data-element_type=\"widget\" data-widget_type=\"heading.default\">\n\t\t\t\t<div class=\"elementor-widget-container\">\n\t\t\t<h4 class=\"elementor-heading-title elementor-size-default\">Dispute resolution<\/h4>\t\t<\/div>\n\t\t\t\t<\/div>\n\t\t\t\t<div class=\"elementor-element elementor-element-217f81e elementor-widget elementor-widget-text-editor\" data-id=\"217f81e\" data-element_type=\"widget\" data-widget_type=\"text-editor.default\">\n\t\t\t\t<div class=\"elementor-widget-container\">\n\t\t\t\t\t\t\t\t<div class=\"elementor-text-editor elementor-clearfix\">\n\t\t\t\t<p>The European Commission offers a platform for online dispute resolution: <a href=\"https:\/\/ec.europa.eu\/consumers\/odr\">https:\/\/ec.europa.eu\/consumers\/odr<\/a>. We are neither willing nor obliged to participate in dispute settlement proceedings before an arbitration board for consumer disputes.<\/p>\t\t\t\t\t<\/div>\n\t\t\t\t\t\t<\/div>\n\t\t\t\t<\/div>\n\t\t\t\t<div class=\"elementor-element elementor-element-ca81d58 elementor-widget elementor-widget-heading\" data-id=\"ca81d58\" data-element_type=\"widget\" data-widget_type=\"heading.default\">\n\t\t\t\t<div class=\"elementor-widget-container\">\n\t\t\t<h4 class=\"elementor-heading-title elementor-size-default\">Liability for content<\/h4>\t\t<\/div>\n\t\t\t\t<\/div>\n\t\t\t\t<div class=\"elementor-element elementor-element-0ccf80d elementor-widget elementor-widget-text-editor\" data-id=\"0ccf80d\" data-element_type=\"widget\" data-widget_type=\"text-editor.default\">\n\t\t\t\t<div class=\"elementor-widget-container\">\n\t\t\t\t\t\t\t\t<div class=\"elementor-text-editor elementor-clearfix\">\n\t\t\t\t<p>As a service provider, we are responsible for our own content on these pages in accordance with general law in accordance with Section 7 (1) of the German Telemedia Act (TMG). According to \u00a7\u00a7 8 to 10 TMG, as a service provider, we are not obliged to monitor transmitted or stored third-party information or to investigate circumstances that indicate illegal activity.<\/p><p>Obligations to remove or block the use of information according to general laws remain unaffected. However, liability in this regard is only possible from the point in time at which we become aware of a specific legal violation. As soon as we become aware of such legal violations, we will remove this content immediately.<\/p>\t\t\t\t\t<\/div>\n\t\t\t\t\t\t<\/div>\n\t\t\t\t<\/div>\n\t\t\t\t<div class=\"elementor-element elementor-element-45325d1 elementor-widget elementor-widget-heading\" data-id=\"45325d1\" data-element_type=\"widget\" data-widget_type=\"heading.default\">\n\t\t\t\t<div class=\"elementor-widget-container\">\n\t\t\t<h4 class=\"elementor-heading-title elementor-size-default\">Copyright<\/h4>\t\t<\/div>\n\t\t\t\t<\/div>\n\t\t\t\t<div class=\"elementor-element elementor-element-ebfc1d7 elementor-widget elementor-widget-text-editor\" data-id=\"ebfc1d7\" data-element_type=\"widget\" data-widget_type=\"text-editor.default\">\n\t\t\t\t<div class=\"elementor-widget-container\">\n\t\t\t\t\t\t\t\t<div class=\"elementor-text-editor elementor-clearfix\">\n\t\t\t\t<div class=\"page\" data-page-number=\"1\" data-loaded=\"true\"><div class=\"textLayer\">The content and works on these pages created by the website operator are subject to German copyright law. The duplication, processing, distribution and any kind of exploitation outside the limits of copyright law require the written consent of the respective author or creator.<\/div><div>\u00a0<\/div><div class=\"textLayer\">Downloads and copies of this website are only permitted for private, non-commercial use. Insofar as the content on this site was not created by the operator, the copyrights of third parties are observed. In particular contents of third parties are marked as such. If you should nevertheless become aware of a copyright infringement, we would ask you to notify us accordingly. If we become aware of legal violations, we will remove such content immediately.<\/div><\/div>\t\t\t\t\t<\/div>\n\t\t\t\t\t\t<\/div>\n\t\t\t\t<\/div>\n\t\t\t\t\t\t<\/div>\n\t\t\t\t\t<\/div>\n\t\t<\/div>\n\t\t\t\t\t\t\t\t<\/div>\n\t\t\t\t\t<\/div>\n\t\t<\/section>\n\t\t\t\t\t\t\t\t\t<\/div>\n\t\t\t<\/div>\n\t\t\t\t\t<\/div>","protected":false},"excerpt":{"rendered":"<p>Das sind wir IMPRESSUM IMPRESSUM Information gem\u00e4\u00df \u00a7 5 TMG und \u00a7 55 RSTV: dress to measure UG (haftungsbeschr\u00e4nkt)\u00a0Gl\u00fcckstrasse 280333 M\u00fcnchenT: +49 (0) 89 \u2013 95 87 31 78info@sophia-malina-wild.comUSt-ID: DE350660379 Eingetragen im Handelsregister von Deutschland am Amtsgericht M\u00fcnchen unter HRB 273371. Vertreten Durch: Gesch\u00e4ftsf\u00fchrerin: Sophia Malina Wild Streitbeilegung Die Europ\u00e4ische Kommission bietet eine Plattform f\u00fcr [&hellip;]<\/p>","protected":false},"author":210,"featured_media":0,"parent":0,"menu_order":0,"comment_status":"closed","ping_status":"closed","template":"elementor_header_footer","meta":{"inline_featured_image":false},"yoast_head":"<!-- This site is optimized with the Yoast SEO plugin v20.1 - https:\/\/yoast.com\/wordpress\/plugins\/seo\/ -->\n<title>Impressum | Sophia Malina Wild<\/title>\n<meta name=\"description\" content=\"Hier findest du unser Impressum und alle Kontaktdaten von Sophia Malina Wild.\" \/>\n<meta name=\"robots\" content=\"index, follow, max-snippet:-1, max-image-preview:large, max-video-preview:-1\" \/>\n<link rel=\"canonical\" href=\"https:\/\/retail-smw.com\/en\/impressum\/\" \/>\n<meta property=\"og:locale\" content=\"en_US\" \/>\n<meta property=\"og:type\" content=\"article\" \/>\n<meta property=\"og:title\" content=\"Impressum | Sophia Malina Wild\" \/>\n<meta property=\"og:description\" content=\"Hier findest du unser Impressum und alle Kontaktdaten von Sophia Malina Wild.\" \/>\n<meta property=\"og:url\" content=\"https:\/\/retail-smw.com\/en\/impressum\/\" \/>\n<meta property=\"og:site_name\" content=\"Sophia Malina Wild\" \/>\n<meta property=\"article:publisher\" content=\"https:\/\/www.facebook.com\/SOPHIA.MALINA.WILD\/\" \/>\n<meta property=\"article:modified_time\" content=\"2023-09-18T14:40:45+00:00\" \/>\n<meta property=\"og:image\" content=\"https:\/\/retail-smw.com\/wp-content\/uploads\/2021\/10\/mood-bts-17-Kopie-2-scaled.jpg\" \/>\n\t<meta property=\"og:image:width\" content=\"2560\" \/>\n\t<meta property=\"og:image:height\" content=\"1707\" \/>\n\t<meta property=\"og:image:type\" content=\"image\/jpeg\" \/>\n<meta name=\"twitter:card\" content=\"summary_large_image\" \/>\n<meta name=\"twitter:label1\" content=\"Est. reading time\" \/>\n\t<meta name=\"twitter:data1\" content=\"2 minutes\" \/>\n<script type=\"application\/ld+json\" class=\"yoast-schema-graph\">{\"@context\":\"https:\/\/schema.org\",\"@graph\":[{\"@type\":\"WebPage\",\"@id\":\"https:\/\/retail-smw.com\/impressum\/\",\"url\":\"https:\/\/retail-smw.com\/impressum\/\",\"name\":\"Impressum | Sophia Malina Wild\",\"isPartOf\":{\"@id\":\"https:\/\/retail-smw.com\/en\/#website\"},\"datePublished\":\"2021-05-02T09:03:51+00:00\",\"dateModified\":\"2023-09-18T14:40:45+00:00\",\"description\":\"Hier findest du unser Impressum und alle Kontaktdaten von Sophia Malina Wild.\",\"breadcrumb\":{\"@id\":\"https:\/\/retail-smw.com\/impressum\/#breadcrumb\"},\"inLanguage\":\"en-US\",\"potentialAction\":[{\"@type\":\"ReadAction\",\"target\":[\"https:\/\/retail-smw.com\/impressum\/\"]}]},{\"@type\":\"BreadcrumbList\",\"@id\":\"https:\/\/retail-smw.com\/impressum\/#breadcrumb\",\"itemListElement\":[{\"@type\":\"ListItem\",\"position\":1,\"name\":\"Startseite\",\"item\":\"https:\/\/retail-smw.com\/en\/\"},{\"@type\":\"ListItem\",\"position\":2,\"name\":\"IMPRESSUM\"}]},{\"@type\":\"WebSite\",\"@id\":\"https:\/\/retail-smw.com\/en\/#website\",\"url\":\"https:\/\/retail-smw.com\/en\/\",\"name\":\"Sophia Malina Wild\",\"description\":\"Dress to measure - Tailored Clothing\",\"publisher\":{\"@id\":\"https:\/\/retail-smw.com\/en\/#organization\"},\"potentialAction\":[{\"@type\":\"SearchAction\",\"target\":{\"@type\":\"EntryPoint\",\"urlTemplate\":\"https:\/\/retail-smw.com\/en\/?s={search_term_string}\"},\"query-input\":\"required name=search_term_string\"}],\"inLanguage\":\"en-US\"},{\"@type\":\"Organization\",\"@id\":\"https:\/\/retail-smw.com\/en\/#organization\",\"name\":\"Sophia Malina Wild\",\"url\":\"https:\/\/retail-smw.com\/en\/\",\"logo\":{\"@type\":\"ImageObject\",\"inLanguage\":\"en-US\",\"@id\":\"https:\/\/retail-smw.com\/en\/#\/schema\/logo\/image\/\",\"url\":\"https:\/\/smw.permatechit.com\/wp-content\/uploads\/2021\/10\/SMW_Schriftzug_m.Unterzeile_Black_Rosa_RGB.png\",\"contentUrl\":\"https:\/\/smw.permatechit.com\/wp-content\/uploads\/2021\/10\/SMW_Schriftzug_m.Unterzeile_Black_Rosa_RGB.png\",\"width\":2126,\"height\":339,\"caption\":\"Sophia Malina Wild\"},\"image\":{\"@id\":\"https:\/\/retail-smw.com\/en\/#\/schema\/logo\/image\/\"},\"sameAs\":[\"https:\/\/www.facebook.com\/SOPHIA.MALINA.WILD\/\",\"https:\/\/www.instagram.com\/sophiamalinawild\/\",\"https:\/\/www.linkedin.com\/company\/sophia-malina-wild\/\",\"https:\/\/www.pinterest.de\/sophiamalinawild\/\",\"https:\/\/www.youtube.com\/channel\/UCa29TQjFjsUssksjx0Jm8xA\/videos\"]}]}<\/script>\n<!-- \/ Yoast SEO plugin. -->","yoast_head_json":{"title":"Impressum | Sophia Malina Wild","description":"Hier findest du unser Impressum und alle Kontaktdaten von Sophia Malina Wild.","robots":{"index":"index","follow":"follow","max-snippet":"max-snippet:-1","max-image-preview":"max-image-preview:large","max-video-preview":"max-video-preview:-1"},"canonical":"https:\/\/retail-smw.com\/en\/impressum\/","og_locale":"en_US","og_type":"article","og_title":"Impressum | Sophia Malina Wild","og_description":"Hier findest du unser Impressum und alle Kontaktdaten von Sophia Malina Wild.","og_url":"https:\/\/retail-smw.com\/en\/impressum\/","og_site_name":"Sophia Malina Wild","article_publisher":"https:\/\/www.facebook.com\/SOPHIA.MALINA.WILD\/","article_modified_time":"2023-09-18T14:40:45+00:00","og_image":[{"width":2560,"height":1707,"url":"https:\/\/retail-smw.com\/wp-content\/uploads\/2021\/10\/mood-bts-17-Kopie-2-scaled.jpg","type":"image\/jpeg"}],"twitter_card":"summary_large_image","twitter_misc":{"Est. reading time":"2 minutes"},"schema":{"@context":"https:\/\/schema.org","@graph":[{"@type":"WebPage","@id":"https:\/\/retail-smw.com\/impressum\/","url":"https:\/\/retail-smw.com\/impressum\/","name":"Impressum | Sophia Malina Wild","isPartOf":{"@id":"https:\/\/retail-smw.com\/en\/#website"},"datePublished":"2021-05-02T09:03:51+00:00","dateModified":"2023-09-18T14:40:45+00:00","description":"Hier findest du unser Impressum und alle Kontaktdaten von Sophia Malina Wild.","breadcrumb":{"@id":"https:\/\/retail-smw.com\/impressum\/#breadcrumb"},"inLanguage":"en-US","potentialAction":[{"@type":"ReadAction","target":["https:\/\/retail-smw.com\/impressum\/"]}]},{"@type":"BreadcrumbList","@id":"https:\/\/retail-smw.com\/impressum\/#breadcrumb","itemListElement":[{"@type":"ListItem","position":1,"name":"Startseite","item":"https:\/\/retail-smw.com\/en\/"},{"@type":"ListItem","position":2,"name":"IMPRESSUM"}]},{"@type":"WebSite","@id":"https:\/\/retail-smw.com\/en\/#website","url":"https:\/\/retail-smw.com\/en\/","name":"Sophia Malina Wild","description":"Dress to measure - Tailored Clothing","publisher":{"@id":"https:\/\/retail-smw.com\/en\/#organization"},"potentialAction":[{"@type":"SearchAction","target":{"@type":"EntryPoint","urlTemplate":"https:\/\/retail-smw.com\/en\/?s={search_term_string}"},"query-input":"required name=search_term_string"}],"inLanguage":"en-US"},{"@type":"Organization","@id":"https:\/\/retail-smw.com\/en\/#organization","name":"Sophia Malina Wild","url":"https:\/\/retail-smw.com\/en\/","logo":{"@type":"ImageObject","inLanguage":"en-US","@id":"https:\/\/retail-smw.com\/en\/#\/schema\/logo\/image\/","url":"https:\/\/smw.permatechit.com\/wp-content\/uploads\/2021\/10\/SMW_Schriftzug_m.Unterzeile_Black_Rosa_RGB.png","contentUrl":"https:\/\/smw.permatechit.com\/wp-content\/uploads\/2021\/10\/SMW_Schriftzug_m.Unterzeile_Black_Rosa_RGB.png","width":2126,"height":339,"caption":"Sophia Malina Wild"},"image":{"@id":"https:\/\/retail-smw.com\/en\/#\/schema\/logo\/image\/"},"sameAs":["https:\/\/www.facebook.com\/SOPHIA.MALINA.WILD\/","https:\/\/www.instagram.com\/sophiamalinawild\/","https:\/\/www.linkedin.com\/company\/sophia-malina-wild\/","https:\/\/www.pinterest.de\/sophiamalinawild\/","https:\/\/www.youtube.com\/channel\/UCa29TQjFjsUssksjx0Jm8xA\/videos"]}]}},"_links":{"self":[{"href":"https:\/\/retail-smw.com\/en\/wp-json\/wp\/v2\/pages\/2126"}],"collection":[{"href":"https:\/\/retail-smw.com\/en\/wp-json\/wp\/v2\/pages"}],"about":[{"href":"https:\/\/retail-smw.com\/en\/wp-json\/wp\/v2\/types\/page"}],"author":[{"embeddable":true,"href":"https:\/\/retail-smw.com\/en\/wp-json\/wp\/v2\/users\/210"}],"replies":[{"embeddable":true,"href":"https:\/\/retail-smw.com\/en\/wp-json\/wp\/v2\/comments?post=2126"}],"version-history":[{"count":24,"href":"https:\/\/retail-smw.com\/en\/wp-json\/wp\/v2\/pages\/2126\/revisions"}],"predecessor-version":[{"id":14200,"href":"https:\/\/retail-smw.com\/en\/wp-json\/wp\/v2\/pages\/2126\/revisions\/14200"}],"wp:attachment":[{"href":"https:\/\/retail-smw.com\/en\/wp-json\/wp\/v2\/media?parent=2126"}],"curies":[{"name":"wp","href":"https:\/\/api.w.org\/{rel}","templated":true}]}}